{"id":7021,"date":"2025-11-11T13:12:13","date_gmt":"2025-11-11T05:12:13","guid":{"rendered":"https:\/\/theperfumebottles.com\/?post_type=product&#038;p=7021"},"modified":"2025-12-10T11:40:29","modified_gmt":"2025-12-10T03:40:29","slug":"perfume-refill-bottles-wholesaler","status":"publish","type":"product","link":"https:\/\/theperfumebottles.com\/tr\/urun\/perfume-refill-bottles-wholesaler\/","title":{"rendered":"Seyahat ve G\u00fcnl\u00fck Kullan\u0131m \u0130\u00e7in Toptan 8 ml Parf\u00fcm Dolum \u015ei\u015feleri"},"content":{"rendered":"<p>Markan\u0131z\u0131n sunumunu etkilemek i\u00e7in tasarlanm\u0131\u015f doldurulabilir cam parf\u00fcm \u015fi\u015felerimizi ke\u015ffedin. Her \u015fi\u015feyi, kokunuzun \u00f6ne \u00e7\u0131kmas\u0131n\u0131 ve m\u00fc\u015fterilerinize g\u00fczel ve i\u015flevsel bir \u00fcr\u00fcn sunmas\u0131n\u0131 sa\u011flayacak \u015fekilde tasarl\u0131yoruz. Markan\u0131z\u0131n hikayesini kelimelere gerek kalmadan anlatan \u015fi\u015feleri tercih edin.<\/p>\n<h2>Temel \u00d6zellikler<\/h2>\n<table style=\"border-collapse: collapse; width: 80%; margin-left: auto; margin-right: auto;\" border=\"0\" width=\"144\" cellspacing=\"0\" cellpadding=\"0\">\n<tbody>\n<tr style=\"height: 13.50pt;\">\n<td style=\"height: 13.5pt; width: 54pt; text-align: center;\" width=\"72\" height=\"18\">\u00d6zellik<\/td>\n<td style=\"width: 54pt; text-align: center;\" width=\"72\">Detaylar<\/td>\n<\/tr>\n<tr style=\"height: 13.50pt;\">\n<td style=\"height: 13.5pt; text-align: center;\" height=\"18\">Kapasite<\/td>\n<td style=\"text-align: center;\">8 ml<\/td>\n<\/tr>\n<tr style=\"height: 13.50pt;\">\n<td style=\"height: 13.5pt; text-align: center;\" height=\"18\">Boyutlar<\/td>\n<td style=\"text-align: center;\">1,7 * 8,4 cm<\/td>\n<\/tr>\n<tr style=\"height: 13.50pt;\">\n<td style=\"height: 13.5pt; text-align: center;\" height=\"18\">\u015ei\u015fe Malzemesi<\/td>\n<td style=\"text-align: center;\">\u015eeffaf Cam<\/td>\n<\/tr>\n<tr style=\"height: 13.50pt;\">\n<td style=\"height: 13.5pt; text-align: center;\" height=\"18\">Kapak Se\u00e7enekleri<\/td>\n<td style=\"text-align: center;\">Alt\u0131n, G\u00fcm\u00fc\u015f, Mavi, Pembe, Siyah<\/td>\n<\/tr>\n<tr style=\"height: 13.50pt;\">\n<td style=\"height: 13.5pt; text-align: center;\" height=\"18\">S\u0131zd\u0131rmazl\u0131k Tipi<\/td>\n<td style=\"text-align: center;\">Pompa Spreyi<\/td>\n<\/tr>\n<tr style=\"height: 13.50pt;\">\n<td style=\"height: 13.5pt; text-align: center;\" height=\"18\">En \u0130yisi \u0130\u00e7in<\/td>\n<td style=\"text-align: center;\">Parf\u00fcm, Esansiyel Ya\u011flar, Koku Spreyleri<\/td>\n<\/tr>\n<\/tbody>\n<\/table>\n<h2>Ba\u015far\u0131 \u00d6rne\u011fi<\/h2>\n<p>8 ml&#039;lik doldurulabilir parf\u00fcm \u015fi\u015felerimizden biri, modaya uygun butik bir parf\u00fcm markas\u0131 taraf\u0131ndan seyahat seti koleksiyonuna dahil edilmek \u00fczere se\u00e7ildi. Seyahat seti sat\u0131\u015flar\u0131 yaln\u0131zca \u00fc\u00e7 ayda artt\u0131. Doldurulabilir tasar\u0131m, kullan\u0131c\u0131lar\u0131n en sevdikleri kokular\u0131 her zaman yanlar\u0131nda ta\u015f\u0131malar\u0131n\u0131 sa\u011flarken, sprey ba\u015fl\u0131\u011f\u0131 tasar\u0131m\u0131 s\u0131z\u0131nt\u0131y\u0131 azaltmaya yard\u0131mc\u0131 oluyor ve ho\u015f bir buhar sa\u011fl\u0131yor.<\/p>\n<h2>\u00d6zelle\u015ftirme K\u0131lavuzu<\/h2>\n<ol>\n<li><strong>Y\u00fczey \u0130\u015flemi:<\/strong> Buzlu, \u015feffaf ve degradeli elektrokaplama gibi farkl\u0131 y\u00fczey i\u015flemleri, benzersiz g\u00f6rsel efektler \u00fcretmek i\u00e7in \u00f6zelle\u015ftirilebilir.<\/li>\n<li><strong>\u015ei\u015fe Kapa\u011f\u0131 Tasar\u0131m\u0131:<\/strong> Al\u00fcminyum kapaklar, plastik kapaklar veya elektrolizle kaplanabilen metal kapaklar aras\u0131ndan parlak veya mat kaplamay\u0131 se\u00e7ebilirsiniz.<\/li>\n<li><strong>Renkli ve Logo Bask\u0131s\u0131:<\/strong> Markan\u0131z\u0131n renk \u015femas\u0131na uygun olarak se\u00e7ebilece\u011finiz pek \u00e7ok renk var; elektroliz alt\u0131n, pembe alt\u0131n, g\u00fcm\u00fc\u015f, siyah ve mavi.<\/li>\n<\/ol>","protected":false},"excerpt":{"rendered":"<p>Metal kapakl\u0131 \u015f\u0131k parf\u00fcm dolum \u015fi\u015felerini ke\u015ffedin. Yeniden doldurulabilir parf\u00fcm \u015fi\u015felerimiz seyahat i\u00e7in m\u00fckemmel, kullan\u0131m\u0131 kolay ve \u00e7evre dostudur.<\/p>","protected":false},"featured_media":7191,"comment_status":"open","ping_status":"closed","template":"","meta":{"_acf_changed":false,"site-sidebar-layout":"default","site-content-layout":"","ast-site-content-layout":"default","site-content-style":"default","site-sidebar-style":"default","ast-global-header-display":"","ast-banner-title-visibility":"","ast-main-header-display":"","ast-hfb-above-header-display":"","ast-hfb-below-header-display":"","ast-hfb-mobile-header-display":"","site-post-title":"","ast-breadcrumbs-content":"","ast-featured-img":"","footer-sml-layout":"","ast-disable-related-posts":"","theme-transparent-header-meta":"default","adv-header-id-meta":"","stick-header-meta":"","header-above-stick-meta":"","header-main-stick-meta":"","header-below-stick-meta":"","astra-migrate-meta-layouts":"set","ast-page-background-enabled":"default","ast-page-background-meta":{"desktop":{"background-color":"var(--ast-global-color-5)","background-image":"","background-repeat":"repeat","background-position":"center center","background-size":"auto","background-attachment":"scroll","background-type":"","background-media":"","overlay-type":"","overlay-color":"","overlay-opacity":"","overlay-gradient":""},"tablet":{"background-color":"","background-image":"","background-repeat":"repeat","background-position":"center center","background-size":"auto","background-attachment":"scroll","background-type":"","background-media":"","overlay-type":"","overlay-color":"","overlay-opacity":"","overlay-gradient":""},"mobile":{"background-color":"","background-image":"","background-repeat":"repeat","background-position":"center center","background-size":"auto","background-attachment":"scroll","background-type":"","background-media":"","overlay-type":"","overlay-color":"","overlay-opacity":"","overlay-gradient":""}},"ast-content-background-meta":{"desktop":{"background-color":"var(--ast-global-color-4)","background-image":"","background-repeat":"repeat","background-position":"center center","background-size":"auto","background-attachment":"scroll","background-type":"","background-media":"","overlay-type":"","overlay-color":"","overlay-opacity":"","overlay-gradient":""},"tablet":{"background-color":"var(--ast-global-color-4)","background-image":"","background-repeat":"repeat","background-position":"center center","background-size":"auto","background-attachment":"scroll","background-type":"","background-media":"","overlay-type":"","overlay-color":"","overlay-opacity":"","overlay-gradient":""},"mobile":{"background-color":"var(--ast-global-color-4)","background-image":"","background-repeat":"repeat","background-position":"center center","background-size":"auto","background-attachment":"scroll","background-type":"","background-media":"","overlay-type":"","overlay-color":"","overlay-opacity":"","overlay-gradient":""}}},"product_brand":[],"product_cat":[90,41],"product_tag":[],"class_list":{"0":"post-7021","1":"product","2":"type-product","3":"status-publish","4":"has-post-thumbnail","6":"product_cat-refillable-perfume-bottles","7":"product_cat-perfume-bottles","8":"desktop-align-left","9":"tablet-align-left","10":"mobile-align-left","12":"first","13":"instock","14":"shipping-taxable","15":"product-type-simple"},"acf":[],"jetpack_sharing_enabled":true,"_links":{"self":[{"href":"https:\/\/theperfumebottles.com\/tr\/wp-json\/wp\/v2\/product\/7021","targetHints":{"allow":["GET"]}}],"collection":[{"href":"https:\/\/theperfumebottles.com\/tr\/wp-json\/wp\/v2\/product"}],"about":[{"href":"https:\/\/theperfumebottles.com\/tr\/wp-json\/wp\/v2\/types\/product"}],"replies":[{"embeddable":true,"href":"https:\/\/theperfumebottles.com\/tr\/wp-json\/wp\/v2\/comments?post=7021"}],"wp:featuredmedia":[{"embeddable":true,"href":"https:\/\/theperfumebottles.com\/tr\/wp-json\/wp\/v2\/media\/7191"}],"wp:attachment":[{"href":"https:\/\/theperfumebottles.com\/tr\/wp-json\/wp\/v2\/media?parent=7021"}],"wp:term":[{"taxonomy":"product_brand","embeddable":true,"href":"https:\/\/theperfumebottles.com\/tr\/wp-json\/wp\/v2\/product_brand?post=7021"},{"taxonomy":"product_cat","embeddable":true,"href":"https:\/\/theperfumebottles.com\/tr\/wp-json\/wp\/v2\/product_cat?post=7021"},{"taxonomy":"product_tag","embeddable":true,"href":"https:\/\/theperfumebottles.com\/tr\/wp-json\/wp\/v2\/product_tag?post=7021"}],"curies":[{"name":"wp","href":"https:\/\/api.w.org\/{rel}","templated":true}]}}