{"id":7026,"date":"2025-11-11T14:11:22","date_gmt":"2025-11-11T06:11:22","guid":{"rendered":"https:\/\/theperfumebottles.com\/?post_type=product&#038;p=7026"},"modified":"2025-11-11T14:23:34","modified_gmt":"2025-11-11T06:23:34","slug":"perfume-refill-bottle-bulk-order","status":"publish","type":"product","link":"https:\/\/theperfumebottles.com\/tr\/urun\/perfume-refill-bottle-bulk-order\/","title":{"rendered":"G\u00fcnl\u00fck Kullan\u0131m \u0130\u00e7in 5 ml Parf\u00fcm Dolum \u015ei\u015fesi Toplu Sipari\u015f"},"content":{"rendered":"<p>Markan\u0131z\u0131n g\u00f6rsel \u00e7ekicili\u011fini m\u00fckemmel bir \u015fekilde art\u0131racak bir parf\u00fcm \u015fi\u015fesi ar\u0131yorsunuz. 5ml'lik dolum parf\u00fcm \u015fi\u015femiz kesinlikle arad\u0131\u011f\u0131n\u0131z \u015fi\u015fe! Parf\u00fcm\u00fcn\u00fcz\u00fcn ilgi oda\u011f\u0131 olmas\u0131n\u0131 sa\u011flamak ve yine de m\u00fc\u015fterilerinize g\u00fczel ve kullan\u0131\u015fl\u0131 bir g\u00fczellik sunmak i\u00e7in \u00fcretilmi\u015ftir. Bu ambalaj hatt\u0131 \u00fcr\u00fcn\u00fcnde el ele giden stil ve i\u015fleve direnmek zordur.<\/p>\n<h2>Temel \u00d6zellikler<\/h2>\n<table style=\"border-collapse: collapse;width: 80%;margin-left: auto;margin-right: auto\" border=\"0\" width=\"144\" cellspacing=\"0\" cellpadding=\"0\">\n<tbody>\n<tr style=\"height: 13.50pt\">\n<td style=\"height: 13.5pt;width: 54pt;text-align: center\" width=\"72\" height=\"18\">\u00d6zellik<\/td>\n<td style=\"width: 54pt;text-align: center\" width=\"72\">Detaylar<\/td>\n<\/tr>\n<tr style=\"height: 13.50pt\">\n<td style=\"height: 13.5pt;text-align: center\" height=\"18\">Kapasite<\/td>\n<td style=\"text-align: center\">5ml<\/td>\n<\/tr>\n<tr style=\"height: 13.50pt\">\n<td style=\"height: 13.5pt;text-align: center\" height=\"18\">Boyutlar<\/td>\n<td style=\"text-align: center\">1.7 * 8.1cm<\/td>\n<\/tr>\n<tr style=\"height: 13.50pt\">\n<td style=\"height: 13.5pt;text-align: center\" height=\"18\">Malzeme<\/td>\n<td style=\"text-align: center\">\u015eeffaf cam pencereli al\u00fcminyum<\/td>\n<\/tr>\n<tr style=\"height: 13.50pt\">\n<td style=\"height: 13.5pt;text-align: center\" height=\"18\">Renk Se\u00e7enekleri<\/td>\n<td style=\"text-align: center\">Mavi, Ye\u015fil, K\u0131rm\u0131z\u0131, Sar\u0131, Mor<\/td>\n<\/tr>\n<tr style=\"height: 13.50pt\">\n<td style=\"height: 13.5pt;text-align: center\" height=\"18\">En \u0130yisi \u0130\u00e7in<\/td>\n<td style=\"text-align: center\">Parf\u00fcm, Esansiyel Ya\u011flar, Koku Spreyleri<\/td>\n<\/tr>\n<\/tbody>\n<\/table>\n<h2>Ba\u015far\u0131 \u00d6rne\u011fi<\/h2>\n<p>Bir Frans\u0131z parf\u00fcm markas\u0131, kalan miktar\u0131n kolayca g\u00f6r\u00fclebilmesi i\u00e7in \u015feffaf bir pencereye sahip olan bu al\u00fcminyum kasal\u0131 parf\u00fcm dolum \u015fi\u015fesini ta\u015f\u0131nabilir serileri i\u00e7in \u00f6zelle\u015ftirmek \u00fczere bizimle ileti\u015fime ge\u00e7ti. \u015ei\u015fede \u00e7e\u015fitli canl\u0131 renkler elde etmek i\u00e7in bir eloksal i\u015flemi kullan\u0131ld\u0131 ve marka logosu kaz\u0131nd\u0131.<\/p>\n<p>Yeni ambalaj lansman\u0131n\u0131n ard\u0131ndan markan\u0131n portatif serisinin sat\u0131\u015flar\u0131 38% artt\u0131.<\/p>\n<h2>\u015ei\u015fenizi \u00d6zelle\u015ftirin<\/h2>\n<ol>\n<li><strong>Malzeme\u200d\u200d\u200d\u200d\u200d\u200d ve Kapasite Se\u00e7enekleri:<\/strong> Al\u00fcminyum d\u0131\u015f kabuk ile cam veya plastik i\u00e7 \u015fi\u015fenin birle\u015fimi, hem hafif hem de g\u00fc\u00e7l\u00fc bir \u00fcr\u00fcn ortaya \u00e7\u0131karmaktad\u0131r. Farkl\u0131 durumlar\u0131 (seyahat, g\u00fcnl\u00fck ta\u015f\u0131ma vb.) kar\u015f\u0131layabilmek i\u00e7in 5ml, 8ml ve 10ml kapasiteleri mevcuttur.<\/li>\n<li><strong>Nozul Tasar\u0131m\u0131:<\/strong> Daha ince bir atomizasyon i\u00e7in daha da rafine edilebilen ince bir sis nozulunu tercih edebilir veya kazara p\u00fcsk\u00fcrtmeyi \u00f6nlemek ve cihaz\u0131 daha ta\u015f\u0131nabilir hale getirmek i\u00e7in basit\u00e7e d\u00f6nen bir kilitleme mekanizmas\u0131 se\u00e7ebilirsiniz.<\/li>\n<li><strong>Pencerenin \u015eekli ve \u015eeffafl\u0131\u011f\u0131:<\/strong> Hem \u015f\u0131k hem de kullan\u0131\u015fl\u0131 olmas\u0131 i\u00e7in farkl\u0131 \u015fekillerde (\u015ferit, oval, kalp vb.) de\u011fi\u015fken \u015feffafl\u0131\u011fa sahip \u00f6zelle\u015ftirilebilir g\u00f6r\u00fcnt\u00fcleme pencereleri vard\u0131r.<\/li>\n<\/ol>","protected":false},"excerpt":{"rendered":"<p>\u015eeffaf pencere tasar\u0131ml\u0131 hafif parf\u00fcm dolum \u015fi\u015fesi. Seyahat i\u00e7in m\u00fckemmel dolum parf\u00fcm \u015fi\u015fesi, ta\u015f\u0131mas\u0131 ve her zaman yeniden doldurmas\u0131 kolay.<\/p>","protected":false},"featured_media":7027,"comment_status":"open","ping_status":"closed","template":"","meta":{"_acf_changed":false,"site-sidebar-layout":"default","site-content-layout":"","ast-site-content-layout":"default","site-content-style":"default","site-sidebar-style":"default","ast-global-header-display":"","ast-banner-title-visibility":"","ast-main-header-display":"","ast-hfb-above-header-display":"","ast-hfb-below-header-display":"","ast-hfb-mobile-header-display":"","site-post-title":"","ast-breadcrumbs-content":"","ast-featured-img":"","footer-sml-layout":"","ast-disable-related-posts":"","theme-transparent-header-meta":"default","adv-header-id-meta":"","stick-header-meta":"","header-above-stick-meta":"","header-main-stick-meta":"","header-below-stick-meta":"","astra-migrate-meta-layouts":"set","ast-page-background-enabled":"default","ast-page-background-meta":{"desktop":{"background-color":"var(--ast-global-color-5)","background-image":"","background-repeat":"repeat","background-position":"center center","background-size":"auto","background-attachment":"scroll","background-type":"","background-media":"","overlay-type":"","overlay-color":"","overlay-opacity":"","overlay-gradient":""},"tablet":{"background-color":"","background-image":"","background-repeat":"repeat","background-position":"center center","background-size":"auto","background-attachment":"scroll","background-type":"","background-media":"","overlay-type":"","overlay-color":"","overlay-opacity":"","overlay-gradient":""},"mobile":{"background-color":"","background-image":"","background-repeat":"repeat","background-position":"center center","background-size":"auto","background-attachment":"scroll","background-type":"","background-media":"","overlay-type":"","overlay-color":"","overlay-opacity":"","overlay-gradient":""}},"ast-content-background-meta":{"desktop":{"background-color":"var(--ast-global-color-4)","background-image":"","background-repeat":"repeat","background-position":"center center","background-size":"auto","background-attachment":"scroll","background-type":"","background-media":"","overlay-type":"","overlay-color":"","overlay-opacity":"","overlay-gradient":""},"tablet":{"background-color":"var(--ast-global-color-4)","background-image":"","background-repeat":"repeat","background-position":"center center","background-size":"auto","background-attachment":"scroll","background-type":"","background-media":"","overlay-type":"","overlay-color":"","overlay-opacity":"","overlay-gradient":""},"mobile":{"background-color":"var(--ast-global-color-4)","background-image":"","background-repeat":"repeat","background-position":"center center","background-size":"auto","background-attachment":"scroll","background-type":"","background-media":"","overlay-type":"","overlay-color":"","overlay-opacity":"","overlay-gradient":""}}},"product_brand":[],"product_cat":[72,90],"product_tag":[],"class_list":{"0":"post-7026","1":"product","2":"type-product","3":"status-publish","4":"has-post-thumbnail","6":"product_cat-cosmetic-packaging","7":"product_cat-refillable-perfume-bottles","8":"desktop-align-left","9":"tablet-align-left","10":"mobile-align-left","12":"first","13":"instock","14":"shipping-taxable","15":"product-type-simple"},"acf":[],"jetpack_sharing_enabled":true,"_links":{"self":[{"href":"https:\/\/theperfumebottles.com\/tr\/wp-json\/wp\/v2\/product\/7026","targetHints":{"allow":["GET"]}}],"collection":[{"href":"https:\/\/theperfumebottles.com\/tr\/wp-json\/wp\/v2\/product"}],"about":[{"href":"https:\/\/theperfumebottles.com\/tr\/wp-json\/wp\/v2\/types\/product"}],"replies":[{"embeddable":true,"href":"https:\/\/theperfumebottles.com\/tr\/wp-json\/wp\/v2\/comments?post=7026"}],"wp:featuredmedia":[{"embeddable":true,"href":"https:\/\/theperfumebottles.com\/tr\/wp-json\/wp\/v2\/media\/7027"}],"wp:attachment":[{"href":"https:\/\/theperfumebottles.com\/tr\/wp-json\/wp\/v2\/media?parent=7026"}],"wp:term":[{"taxonomy":"product_brand","embeddable":true,"href":"https:\/\/theperfumebottles.com\/tr\/wp-json\/wp\/v2\/product_brand?post=7026"},{"taxonomy":"product_cat","embeddable":true,"href":"https:\/\/theperfumebottles.com\/tr\/wp-json\/wp\/v2\/product_cat?post=7026"},{"taxonomy":"product_tag","embeddable":true,"href":"https:\/\/theperfumebottles.com\/tr\/wp-json\/wp\/v2\/product_tag?post=7026"}],"curies":[{"name":"wp","href":"https:\/\/api.w.org\/{rel}","templated":true}]}}