{"id":7031,"date":"2025-11-11T15:55:53","date_gmt":"2025-11-11T07:55:53","guid":{"rendered":"https:\/\/theperfumebottles.com\/?post_type=product&#038;p=7031"},"modified":"2025-11-11T17:29:30","modified_gmt":"2025-11-11T09:29:30","slug":"10ml-double-end-perfume-bottles-wholesaler","status":"publish","type":"product","link":"https:\/\/theperfumebottles.com\/tr\/urun\/10ml-double-end-perfume-bottles-wholesaler\/","title":{"rendered":"Seyahat Parf\u00fcmleri i\u00e7in 10 ml \u00c7ift U\u00e7lu Parf\u00fcm \u015ei\u015feleri Toplu Sat\u0131\u015f"},"content":{"rendered":"<p>\u015e\u0131kl\u0131\u011f\u0131n\u0131zdan \u00f6d\u00fcn vermeden, ayn\u0131 anda iki i\u015flevi birden yerine getirebilen bir parf\u00fcm \u015fi\u015fesi istersiniz. 10 ml&#039;lik \u00e7ift a\u011f\u0131zl\u0131 parf\u00fcm \u015fi\u015felerimiz, g\u00fczellik ve g\u00fcnl\u00fck kullan\u0131m kolayl\u0131\u011f\u0131 i\u00e7in tasarlanm\u0131\u015f, tam da arad\u0131\u011f\u0131n\u0131z\u0131 sunuyor. Bu 2&#039;si 1 arada cam \u015fi\u015felerden biri, parf\u00fcm deneyiminizi tamamen de\u011fi\u015ftirecek ve sizi b\u00fcy\u00fcleyecek.<\/p>\n<h2>Temel \u00d6zellikler<\/h2>\n<table style=\"border-collapse: collapse;width: 80%;margin-left: auto;margin-right: auto\" border=\"0\" width=\"144\" cellspacing=\"0\" cellpadding=\"0\">\n<tbody>\n<tr style=\"height: 13.50pt\">\n<td style=\"height: 13.5pt;width: 54pt;text-align: center\" width=\"72\" height=\"18\">\u00d6zellik<\/td>\n<td style=\"width: 54pt;text-align: center\" width=\"72\">Detaylar<\/td>\n<\/tr>\n<tr style=\"height: 13.50pt\">\n<td style=\"height: 13.5pt;text-align: center\" height=\"18\">Kapasite<\/td>\n<td style=\"text-align: center\">10 ml<\/td>\n<\/tr>\n<tr style=\"height: 13.50pt\">\n<td style=\"height: 13.5pt;text-align: center\" height=\"18\">Boyutlar<\/td>\n<td style=\"text-align: center\">1,9 * 10,5 cm<\/td>\n<\/tr>\n<tr style=\"height: 13.50pt\">\n<td style=\"height: 13.5pt;text-align: center\" height=\"18\">Cam Se\u00e7enekleri<\/td>\n<td style=\"text-align: center\">Berrak veya Kehribar<\/td>\n<\/tr>\n<tr style=\"height: 13.50pt\">\n<td style=\"height: 13.5pt;text-align: center\" height=\"18\">\u015eapka Renkleri<\/td>\n<td style=\"text-align: center\">Siyah, G\u00fcm\u00fc\u015f, Alt\u0131n (\u00d6zelle\u015ftirilebilir)<\/td>\n<\/tr>\n<tr style=\"height: 13.50pt\">\n<td style=\"height: 13.5pt;text-align: center\" height=\"18\">Atomizer T\u00fcrleri<\/td>\n<td style=\"text-align: center\">Sprey ve Roll-On (\u00c7ift Ba\u015fl\u0131kl\u0131)<\/td>\n<\/tr>\n<tr style=\"height: 13.50pt\">\n<td style=\"height: 13.5pt;text-align: center\" height=\"18\">En \u0130yisi \u0130\u00e7in<\/td>\n<td style=\"text-align: center\">Parf\u00fcm, Esansiyel Ya\u011flar, V\u00fccut Spreyleri<\/td>\n<\/tr>\n<\/tbody>\n<\/table>\n<h2>Ba\u015far\u0131 \u00d6rne\u011fi<\/h2>\n<p>\u0130spanyol bir parf\u00fcm markas\u0131, bir ucu ince bir p\u00fcsk\u00fcrtme ba\u015fl\u0131\u011f\u0131, di\u011fer ucu ise hassas uygulama i\u00e7in paslanmaz \u00e7elik bir rulo top olan bu \u00e7ift u\u00e7lu parf\u00fcm dolum \u015fi\u015fesini ki\u015fiselle\u015ftirmemiz i\u00e7in bize ba\u015fvurdu. Degrade kehribar rengi kaplama onlar\u0131n tercihiydi ve marka logosu metal kapa\u011fa lazerle kaz\u0131nm\u0131\u015ft\u0131, bu nedenle minimalist ama l\u00fcks estetikleri onlar i\u00e7in m\u00fckemmeldi.<\/p>\n<p>Bu k\u00fc\u00e7\u00fck ve ak\u0131ll\u0131ca fikir m\u00fc\u015fteriler taraf\u0131ndan \u00e7ok be\u011fenildi ve bunun sonucunda seyahat boyu \u00fcr\u00fcnlerin sat\u0131\u015flar\u0131 lansmandan sonra artt\u0131.<\/p>\n<h2>\u015ei\u015fenizi \u00d6zelle\u015ftirin<\/h2>\n<ol>\n<li><strong>\u015ei\u015fe\u200b\u200d\u200b\u200c\u200d\u200b\u200d\u200c\u200b\u200d\u200b\u200c\u200d\u200b\u200d\u200c renk \u00f6zelle\u015ftirmesi:<\/strong> Markan\u0131z\u0131n parf\u00fcm serisine veya mevsimsel temaya uyum sa\u011flayacak \u015fekilde \u015feffaf, kahverengi, degradeli veya buzlu \u00e7al\u0131\u015fmalardan birini se\u00e7in.<\/li>\n<li><strong>Kapak malzemesi ve rengi:<\/strong> \u00dcr\u00fcn\u00fcn genel kalitesini art\u0131ran elektrokaplama alt\u0131n, g\u00fcm\u00fc\u015f, siyah ve pembe alt\u0131n gibi farkl\u0131 metal g\u00f6r\u00fcn\u00fcmlerine sahiptir.<\/li>\n<li><strong>P\u00fcsk\u00fcrt\u00fcc\u00fc ve bilyal\u0131 nozul kombinasyonu:<\/strong> Ki\u015fiselle\u015ftirilmi\u015f tek p\u00fcsk\u00fcrtme ba\u015fl\u0131\u011f\u0131, \u00e7ift ba\u015fl\u0131kl\u0131 tasar\u0131m veya kolay doldurma ve \u00e7ok i\u015flevli kullan\u0131m i\u00e7in \u00e7\u0131kar\u0131labilir yap\u0131.<\/li>\n<\/ol>","protected":false},"excerpt":{"rendered":"<p>Dayan\u0131kl\u0131 2&#039;si 1 arada cam \u015fi\u015fe tasar\u0131m\u0131ndan \u00fcretilen \u015f\u0131k \u00e7ift u\u00e7lu parf\u00fcm \u015fi\u015feleri, iki kokuyu tek bir kompakt, s\u0131zd\u0131rmaz kapta ta\u015f\u0131mak i\u00e7in m\u00fckemmeldir.<\/p>","protected":false},"featured_media":7033,"comment_status":"open","ping_status":"closed","template":"","meta":{"_acf_changed":false,"site-sidebar-layout":"default","site-content-layout":"","ast-site-content-layout":"default","site-content-style":"default","site-sidebar-style":"default","ast-global-header-display":"","ast-banner-title-visibility":"","ast-main-header-display":"","ast-hfb-above-header-display":"","ast-hfb-below-header-display":"","ast-hfb-mobile-header-display":"","site-post-title":"","ast-breadcrumbs-content":"","ast-featured-img":"","footer-sml-layout":"","ast-disable-related-posts":"","theme-transparent-header-meta":"default","adv-header-id-meta":"","stick-header-meta":"","header-above-stick-meta":"","header-main-stick-meta":"","header-below-stick-meta":"","astra-migrate-meta-layouts":"set","ast-page-background-enabled":"default","ast-page-background-meta":{"desktop":{"background-color":"var(--ast-global-color-5)","background-image":"","background-repeat":"repeat","background-position":"center center","background-size":"auto","background-attachment":"scroll","background-type":"","background-media":"","overlay-type":"","overlay-color":"","overlay-opacity":"","overlay-gradient":""},"tablet":{"background-color":"","background-image":"","background-repeat":"repeat","background-position":"center center","background-size":"auto","background-attachment":"scroll","background-type":"","background-media":"","overlay-type":"","overlay-color":"","overlay-opacity":"","overlay-gradient":""},"mobile":{"background-color":"","background-image":"","background-repeat":"repeat","background-position":"center center","background-size":"auto","background-attachment":"scroll","background-type":"","background-media":"","overlay-type":"","overlay-color":"","overlay-opacity":"","overlay-gradient":""}},"ast-content-background-meta":{"desktop":{"background-color":"var(--ast-global-color-4)","background-image":"","background-repeat":"repeat","background-position":"center center","background-size":"auto","background-attachment":"scroll","background-type":"","background-media":"","overlay-type":"","overlay-color":"","overlay-opacity":"","overlay-gradient":""},"tablet":{"background-color":"var(--ast-global-color-4)","background-image":"","background-repeat":"repeat","background-position":"center center","background-size":"auto","background-attachment":"scroll","background-type":"","background-media":"","overlay-type":"","overlay-color":"","overlay-opacity":"","overlay-gradient":""},"mobile":{"background-color":"var(--ast-global-color-4)","background-image":"","background-repeat":"repeat","background-position":"center center","background-size":"auto","background-attachment":"scroll","background-type":"","background-media":"","overlay-type":"","overlay-color":"","overlay-opacity":"","overlay-gradient":""}}},"product_brand":[],"product_cat":[72,90,41],"product_tag":[],"class_list":{"0":"post-7031","1":"product","2":"type-product","3":"status-publish","4":"has-post-thumbnail","6":"product_cat-cosmetic-packaging","7":"product_cat-refillable-perfume-bottles","8":"product_cat-perfume-bottles","9":"desktop-align-left","10":"tablet-align-left","11":"mobile-align-left","13":"first","14":"instock","15":"shipping-taxable","16":"product-type-simple"},"acf":[],"jetpack_sharing_enabled":true,"_links":{"self":[{"href":"https:\/\/theperfumebottles.com\/tr\/wp-json\/wp\/v2\/product\/7031","targetHints":{"allow":["GET"]}}],"collection":[{"href":"https:\/\/theperfumebottles.com\/tr\/wp-json\/wp\/v2\/product"}],"about":[{"href":"https:\/\/theperfumebottles.com\/tr\/wp-json\/wp\/v2\/types\/product"}],"replies":[{"embeddable":true,"href":"https:\/\/theperfumebottles.com\/tr\/wp-json\/wp\/v2\/comments?post=7031"}],"wp:featuredmedia":[{"embeddable":true,"href":"https:\/\/theperfumebottles.com\/tr\/wp-json\/wp\/v2\/media\/7033"}],"wp:attachment":[{"href":"https:\/\/theperfumebottles.com\/tr\/wp-json\/wp\/v2\/media?parent=7031"}],"wp:term":[{"taxonomy":"product_brand","embeddable":true,"href":"https:\/\/theperfumebottles.com\/tr\/wp-json\/wp\/v2\/product_brand?post=7031"},{"taxonomy":"product_cat","embeddable":true,"href":"https:\/\/theperfumebottles.com\/tr\/wp-json\/wp\/v2\/product_cat?post=7031"},{"taxonomy":"product_tag","embeddable":true,"href":"https:\/\/theperfumebottles.com\/tr\/wp-json\/wp\/v2\/product_tag?post=7031"}],"curies":[{"name":"wp","href":"https:\/\/api.w.org\/{rel}","templated":true}]}}