{"id":7062,"date":"2025-11-20T11:41:58","date_gmt":"2025-11-20T03:41:58","guid":{"rendered":"https:\/\/theperfumebottles.com\/?post_type=product&#038;p=7062"},"modified":"2025-11-20T17:15:55","modified_gmt":"2025-11-20T09:15:55","slug":"2-in-1-spray-bottle-with-roller-ball-wholesale","status":"publish","type":"product","link":"https:\/\/theperfumebottles.com\/tr\/urun\/2-in-1-spray-bottle-with-roller-ball-wholesale\/","title":{"rendered":"2&#039;si 1 Arada Sprey \u015ei\u015fesi ve Rulo Top Toptan 10ml"},"content":{"rendered":"<p>\u0130stedi\u011finiz parf\u00fcm \u015fi\u015fesinin sadece etkili de\u011fil, ayn\u0131 zamanda \u015f\u0131k da olmas\u0131 gerekiyor. 10 ml&#039;lik k\u00fc\u00e7\u00fck cam rulo \u015fi\u015felerimiz tam da arad\u0131\u011f\u0131n\u0131z \u015fey: Parf\u00fcm seriniz i\u00e7in ideal, ger\u00e7ek bir 2&#039;si 1 arada sprey \u015fi\u015fesi deneyimi. Bu cam parf\u00fcm \u015fi\u015fesi, markan\u0131z\u0131 \u015f\u00fcphesiz parlatacak ve buna kar\u015f\u0131 koyamayacaks\u0131n\u0131z.<\/p>\n<h2>Temel \u00d6zellikler<\/h2>\n<table style=\"border-collapse: collapse;width: 80%;margin-left: auto;margin-right: auto\" border=\"0\" width=\"144\" cellspacing=\"0\" cellpadding=\"0\">\n<tbody>\n<tr style=\"height: 13.50pt\">\n<td style=\"height: 13.5pt;width: 54pt;text-align: center\" width=\"72\" height=\"18\">\u00d6zellik<\/td>\n<td style=\"width: 54pt;text-align: center\" width=\"72\">Detaylar<\/td>\n<\/tr>\n<tr style=\"height: 13.50pt\">\n<td style=\"height: 13.5pt;text-align: center\" height=\"18\">Kapasite<\/td>\n<td style=\"text-align: center\">10 ml<\/td>\n<\/tr>\n<tr style=\"height: 13.50pt\">\n<td style=\"height: 13.5pt;text-align: center\" height=\"18\">Boyutlar<\/td>\n<td style=\"text-align: center\">1,6 * 10,0 cm<\/td>\n<\/tr>\n<tr style=\"height: 13.50pt\">\n<td style=\"height: 13.5pt;text-align: center\" height=\"18\">Renkler<\/td>\n<td style=\"text-align: center\">G\u00fcm\u00fc\u015f, Siyah, Alt\u0131n (\u00d6zelle\u015ftirilebilir)<\/td>\n<\/tr>\n<tr style=\"height: 13.50pt\">\n<td style=\"height: 13.5pt;text-align: center\" height=\"18\">Atomizer<\/td>\n<td style=\"text-align: center\">Sprey ve Rulo (\u00c7ift Ba\u015fl\u0131k)<\/td>\n<\/tr>\n<tr style=\"height: 13.50pt\">\n<td style=\"height: 13.5pt;text-align: center\" height=\"18\">En \u0130yisi \u0130\u00e7in<\/td>\n<td style=\"text-align: center\">Parf\u00fcm, Esansiyel Ya\u011flar, Koku Spreyleri<\/td>\n<\/tr>\n<\/tbody>\n<\/table>\n<h2>Ba\u015far\u0131 \u00d6rne\u011fi<\/h2>\n<p>Kanadal\u0131 bir koku \u015firketi, kaliteli bir parf\u00fcm sisinin yan\u0131 s\u0131ra do\u011fal bir ya\u011f kar\u0131\u015f\u0131m\u0131n\u0131 da saklayabilecek ta\u015f\u0131nabilir bir ambalaj se\u00e7ene\u011fi talep ederek bize ba\u015fvurdu. \u00c7\u00f6z\u00fcm\u00fcm\u00fcz, \u015f\u0131k metal d\u0131\u015f y\u00fczeye ve k\u00fc\u00e7\u00fck, yerle\u015fik cam rulo aplikat\u00f6re sahip 2&#039;si 1 arada bir sprey \u015fi\u015fesiydi. \u015ei\u015fenin renginin \u00f6zelle\u015ftirilmesinin ve daha yumu\u015fak bir sifon i\u00e7in sprey pompas\u0131n\u0131n y\u00fckseltilmesinin ard\u0131ndan marka, k\u0131sa s\u00fcrede en \u00e7ok satan hediyeleri aras\u0131na giren seyahat boy bir koleksiyon \u00e7\u0131kard\u0131.<\/p>\n<p>Sadece iki ayda b\u00fcy\u00fck miktarlardaki sipari\u015f hacmi artt\u0131.<\/p>\n<h2>2&#039;si 1 Arada Sprey \u015ei\u015fenizi \u00d6zelle\u015ftirin<\/h2>\n<ol>\n<li><strong>Ayarlanabilir\u200b\u200d\u200b\u200c\u200d\u200b\u200d\u200c\u200b\u200d\u200b\u200c\u200d\u200b\u200d\u200c Galvanik Renk:<\/strong> Markan\u0131za daha tutarl\u0131 bir g\u00f6r\u00fcn\u00fcm kazand\u0131rmak i\u00e7in alt\u0131n, g\u00fcm\u00fc\u015f, pembe alt\u0131n, bronz veya ba\u015fka bir elektrokaplama rengini se\u00e7in.<\/li>\n<li><strong>Bilyal\u0131 Rulman \u0130\u00e7in Farkl\u0131 Malzemeler:<\/strong> Esansiyel ya\u011flar\u0131n veya parf\u00fcmlerin dokusuna uyum sa\u011flamas\u0131 i\u00e7in cam, paslanmaz \u00e7elik ve seramik gibi farkl\u0131 tipte bilyal\u0131 rulmanlar sa\u011flay\u0131n.<\/li>\n<li><strong>Markalama ve Dekoratif Desen:<\/strong> Markan\u0131z\u0131 belirtmek ve marka tan\u0131n\u0131rl\u0131\u011f\u0131n\u0131 art\u0131rmak i\u00e7in serigrafi bask\u0131, lazer grav\u00fcr, s\u0131cak damgalama ve di\u011fer tekniklerden se\u00e7im yap\u0131yoruz.<\/li>\n<\/ol>","protected":false},"excerpt":{"rendered":"<p>\u00c7ok y\u00f6nl\u00fc 2&#039;si 1 arada sprey \u015fi\u015fesi, roll-on topla birlikte, parf\u00fcmler veya ya\u011flar i\u00e7in idealdir. \u00d6zel se\u00e7eneklerle fabrikadan do\u011frudan tedarik. Hemen teslim edilebilir.<\/p>","protected":false},"featured_media":7063,"comment_status":"open","ping_status":"closed","template":"","meta":{"_acf_changed":false,"site-sidebar-layout":"default","site-content-layout":"","ast-site-content-layout":"default","site-content-style":"default","site-sidebar-style":"default","ast-global-header-display":"","ast-banner-title-visibility":"","ast-main-header-display":"","ast-hfb-above-header-display":"","ast-hfb-below-header-display":"","ast-hfb-mobile-header-display":"","site-post-title":"","ast-breadcrumbs-content":"","ast-featured-img":"","footer-sml-layout":"","ast-disable-related-posts":"","theme-transparent-header-meta":"default","adv-header-id-meta":"","stick-header-meta":"","header-above-stick-meta":"","header-main-stick-meta":"","header-below-stick-meta":"","astra-migrate-meta-layouts":"set","ast-page-background-enabled":"default","ast-page-background-meta":{"desktop":{"background-color":"var(--ast-global-color-5)","background-image":"","background-repeat":"repeat","background-position":"center center","background-size":"auto","background-attachment":"scroll","background-type":"","background-media":"","overlay-type":"","overlay-color":"","overlay-opacity":"","overlay-gradient":""},"tablet":{"background-color":"","background-image":"","background-repeat":"repeat","background-position":"center center","background-size":"auto","background-attachment":"scroll","background-type":"","background-media":"","overlay-type":"","overlay-color":"","overlay-opacity":"","overlay-gradient":""},"mobile":{"background-color":"","background-image":"","background-repeat":"repeat","background-position":"center center","background-size":"auto","background-attachment":"scroll","background-type":"","background-media":"","overlay-type":"","overlay-color":"","overlay-opacity":"","overlay-gradient":""}},"ast-content-background-meta":{"desktop":{"background-color":"var(--ast-global-color-4)","background-image":"","background-repeat":"repeat","background-position":"center center","background-size":"auto","background-attachment":"scroll","background-type":"","background-media":"","overlay-type":"","overlay-color":"","overlay-opacity":"","overlay-gradient":""},"tablet":{"background-color":"var(--ast-global-color-4)","background-image":"","background-repeat":"repeat","background-position":"center center","background-size":"auto","background-attachment":"scroll","background-type":"","background-media":"","overlay-type":"","overlay-color":"","overlay-opacity":"","overlay-gradient":""},"mobile":{"background-color":"var(--ast-global-color-4)","background-image":"","background-repeat":"repeat","background-position":"center center","background-size":"auto","background-attachment":"scroll","background-type":"","background-media":"","overlay-type":"","overlay-color":"","overlay-opacity":"","overlay-gradient":""}}},"product_brand":[],"product_cat":[72,90,41],"product_tag":[],"class_list":{"0":"post-7062","1":"product","2":"type-product","3":"status-publish","4":"has-post-thumbnail","6":"product_cat-cosmetic-packaging","7":"product_cat-refillable-perfume-bottles","8":"product_cat-perfume-bottles","9":"desktop-align-left","10":"tablet-align-left","11":"mobile-align-left","13":"first","14":"instock","15":"shipping-taxable","16":"product-type-simple"},"acf":[],"jetpack_sharing_enabled":true,"_links":{"self":[{"href":"https:\/\/theperfumebottles.com\/tr\/wp-json\/wp\/v2\/product\/7062","targetHints":{"allow":["GET"]}}],"collection":[{"href":"https:\/\/theperfumebottles.com\/tr\/wp-json\/wp\/v2\/product"}],"about":[{"href":"https:\/\/theperfumebottles.com\/tr\/wp-json\/wp\/v2\/types\/product"}],"replies":[{"embeddable":true,"href":"https:\/\/theperfumebottles.com\/tr\/wp-json\/wp\/v2\/comments?post=7062"}],"wp:featuredmedia":[{"embeddable":true,"href":"https:\/\/theperfumebottles.com\/tr\/wp-json\/wp\/v2\/media\/7063"}],"wp:attachment":[{"href":"https:\/\/theperfumebottles.com\/tr\/wp-json\/wp\/v2\/media?parent=7062"}],"wp:term":[{"taxonomy":"product_brand","embeddable":true,"href":"https:\/\/theperfumebottles.com\/tr\/wp-json\/wp\/v2\/product_brand?post=7062"},{"taxonomy":"product_cat","embeddable":true,"href":"https:\/\/theperfumebottles.com\/tr\/wp-json\/wp\/v2\/product_cat?post=7062"},{"taxonomy":"product_tag","embeddable":true,"href":"https:\/\/theperfumebottles.com\/tr\/wp-json\/wp\/v2\/product_tag?post=7062"}],"curies":[{"name":"wp","href":"https:\/\/api.w.org\/{rel}","templated":true}]}}